{"id":2442,"date":"2025-09-18T10:52:23","date_gmt":"2025-09-18T08:52:23","guid":{"rendered":"https:\/\/camping-emeraude-verdon.fr\/mentions-legales\/"},"modified":"2025-12-16T12:09:58","modified_gmt":"2025-12-16T11:09:58","slug":"legal-notice","status":"publish","type":"page","link":"https:\/\/camping-emeraude-verdon.fr\/en\/legal-notice\/","title":{"rendered":"Terms of use"},"content":{"rendered":"\n<section class=\"wp-block-group alignwide page-one is-layout-flow wp-block-group-is-layout-flow\" style=\"margin-top:0rem;padding-top:0;padding-right:0px;padding-bottom:0;padding-left:0px\">\n<div style=\"height:102px\" aria-hidden=\"true\" class=\"wp-block-spacer gt-hide-mobile\"><\/div>\n\n\n\n<h1 class=\"wp-block-heading has-text-align-center has-contrast-color has-text-color has-link-color wp-elements-084bc4ea1b1b2d30d8769a10099efac3\" style=\"padding-bottom:var(--wp--preset--spacing--20);padding-left:0\">Terms of use<\/h1>\n\n\n\n<h2 class=\"wp-block-heading has-text-align-left has-custom-color-1-color has-text-color has-link-color has-retcaro-font-family wp-elements-36e3247afa323cb0b627fbcee2ea7838\" style=\"font-size:clamp(1.743rem, 1.743rem + ((1vw - 0.2rem) * 2.095), 3rem);line-height:1\">Site manager <\/h2>\n\n\n\n<p><strong>Camping L&#8217;\u00c9meraude du Verdon<br\/><\/strong>Address: 1124 ROUTE DE MOISSAC 83630 AUPS<br\/>Telephone: <a href=\"tel:+33494701286\">+334 94 70 12 86<\/a><br\/>Email: <a href=\"mailto:contact@camping-emeraude-verdon.fr\">contact@camping-emeraude-verdon.fr<\/a><br\/>SIRET: 98743323200012<br\/>Legal form: SAS, soci\u00e9t\u00e9 par actions simplifi\u00e9e<br\/>Intracommunity VAT no.: FR24987433232<br\/>Publication manager: Marie MARVILLON<\/p>\n\n\n\n<h2 class=\"wp-block-heading has-custom-color-1-color has-text-color has-link-color has-retcaro-font-family wp-elements-ef6815d33f490b20c21efb9bc28fc455\" style=\"font-size:clamp(1.743rem, 1.743rem + ((1vw - 0.2rem) * 2.095), 3rem);line-height:1\">Realization<\/h2>\n\n\n\n<p><strong>GEEK TONIC<\/strong> Represented by Mr. Yohan Darmayan in his capacity as Manager <br\/>Head office: 16 chemin de Sabalce 64100 Bayonne<br\/>Tel: <a href=\"https:\/\/www.google.com\/search?q=geek+tonic&amp;sxsrf=ALiCzsb97zG2dngu-WqfTOdPG_O6pmDSPQ%3A1665557722642&amp;ei=2mRGY-_0JorhlwS4vpuoCA&amp;ved=0ahUKEwjvyaSDjtr6AhWK8IUKHTjfBoUQ4dUDCA4&amp;uact=5&amp;oq=geek+tonic&amp;gs_lcp=Cgdnd3Mtd2l6EAMyBAgjECcyCgguEMcBEK8BECcyBggAEBYQHjIGCAAQFhAeMgIIJjoKCAAQRxDWBBCwAzoNCAAQ5AIQ1gQQsAMYAToICAAQFhAeEA86CAgAEBYQHhAKOgUIABCABDoLCC4QgAQQxwEQ0QM6CggAEIAEEIcCEBQ6CggAEIAEEAoQywFKBAhNGAFKBAhBGABKBAhGGAFQ4wtYgh1gkyBoAnABeACAAawBiAHRBJIBAzUuMZgBAKABAcgBDcABAdoBBggBEAEYCQ&amp;sclient=gws-wiz#\">05 32 74 11 52<\/a> <br\/>E-mail: support@geek-tonic.com <br\/>Website: <a href=\"https:\/\/www.geek-tonic.com\/\">www.geek-tonic.com<\/a> <br\/>SIRET: 89746755100015<br\/>APE: 6201Z<\/p>\n\n\n\n<h2 class=\"wp-block-heading has-custom-color-1-color has-text-color has-link-color has-retcaro-font-family wp-elements-999450de580d7a5d80ef63465afe34ac\" style=\"font-size:clamp(1.743rem, 1.743rem + ((1vw - 0.2rem) * 2.095), 3rem);line-height:1\">Copyright<\/h2>\n\n\n\n<p>The entire content of this site is subject to copyright and intellectual property rights under French law. Any reproduction (including photos, icons and downloadable documents) is prohibited without prior consent from GEEK TONIC. Reproduction on electronic media of all or part of the site in paper or electronic format is prohibited. GEEK TONIC accepts no responsibility for the content of the website. GEEK TONIC also declines all responsibility for external links pointing to this site.<\/p>\n\n\n\n<h2 class=\"wp-block-heading has-custom-color-1-color has-text-color has-link-color has-retcaro-font-family wp-elements-c9ee9a98993332d01c66e9fda9a6faee\" style=\"font-size:clamp(1.743rem, 1.743rem + ((1vw - 0.2rem) * 2.095), 3rem);line-height:1\">Personal data and nominative information<\/h2>\n\n\n\n<p>You have the right to access, modify, rectify and delete data concerning you in accordance with Article 34 of the French Data Protection Act (Loi &#8221; Informatique et Libert\u00e9s &#8221; n\u00b0 78-17 du 6 janvier 1978, modified on August 6, 2018). To exercise your right of access, simply send a written request to the site editor.<\/p>\n\n\n\n<h2 class=\"wp-block-heading has-custom-color-1-color has-text-color has-link-color has-retcaro-font-family wp-elements-1b5f5cf78e7a10b9cb9f2151805b83e9\" style=\"font-size:clamp(1.743rem, 1.743rem + ((1vw - 0.2rem) * 2.095), 3rem);line-height:1\">Legislation<\/h2>\n\n\n\n<p>In accordance with the law of March 11, 1957 (art. 41) and the intellectual property code of July 1, 1992, it is forbidden to reproduce any part of the site in whole or in part without prior authorization from the site editor. Logos, visuals, photos, videos, graphic charts and texts are the property of their respective owners. This site may be linked to other sites through hyperlinks. The site editor declines all responsibility for the information presented on these other sites. The Internet user acknowledges that the use of this site is governed by French law.<\/p>\n\n\n\n<h2 class=\"wp-block-heading has-custom-color-1-color has-text-color has-link-color has-retcaro-font-family wp-elements-e4be02e0308c83ab24cc5193b2da6fac\" style=\"font-size:clamp(1.743rem, 1.743rem + ((1vw - 0.2rem) * 2.095), 3rem);line-height:1\">Mediation of consumer disputes<\/h2>\n\n\n\n<p>In accordance with the provisions of the French Consumer Code concerning &#8220;the mediation process for consumer disputes&#8221;, the customer has the right to use the mediation service offered by <strong>Camping Parfum d&#8217;\u00e9t\u00e9 <\/strong> free of charge. The proposed &#8220;consumer law&#8221; mediator is CM2C. This mediation system can be reached by : &#8211; electronically: www.cm2c.net; &#8211; or by post: CM2C &#8211; Centre de m\u00e9diation et r\u00e8glement amiable des huissiers de justice &#8211; 14, Rue Saint-Jean, 75017 Paris.<\/p>\n\n\n\n<h2 class=\"wp-block-heading has-custom-color-1-color has-text-color has-link-color has-retcaro-font-family wp-elements-fdf123e0683d43f093f33e351a277175\" style=\"font-size:clamp(1.743rem, 1.743rem + ((1vw - 0.2rem) * 2.095), 3rem);line-height:1\">Responsibility for legal content<\/h2>\n\n\n\n<p>As the owner of your site, it is your responsibility to ensure that the Legal Notice and Privacy Policy pages comply with current laws, including the RGPD (General Data Protection Regulation) for sites collecting personal data. These pages must be regularly updated and must transparently reflect your company&#8217;s legal and practical information, as well as the processing of personal data.<\/p>\n\n\n\n<p class=\"has-text-align-left\">Our agency can assist you with the technical set-up of these pages, but you remain responsible for their legal content. We strongly recommend that you consult a legal expert to ensure that your legal notices and privacy policy comply with the legislation applicable to your business. Contact us if you need help, and we&#8217;ll be happy to refer you to one of our partner lawyers.Parfums d&#8217;\u00e9t\u00e9, your <a href=\"https:\/\/emeraudeverdon.geek-tonic.de\" data-type=\"page\" data-id=\"5\">L&#8217;\u00e9meraude du Verdon campsite<\/a> welcomes you to a peaceful setting in the woods. <strong>Activities for young and old<\/strong> are available, and <strong>family-friendly<\/strong> <strong>events<\/strong> are organized. You won&#8217;t be bored during your stay at our campsite with activities and entertainment in the Vend\u00e9e.<\/p>\n\n\n\n<div style=\"height:100px\" aria-hidden=\"true\" class=\"wp-block-spacer gt-hide-mobile\"><\/div>\n<\/section>\n","protected":false},"excerpt":{"rendered":"<p>Terms of use Site manager Camping L&#8217;\u00c9meraude du VerdonAddress: 1124 ROUTE DE MOISSAC 83630 AUPSTelephone: +334 94 70 12 86Email: contact@camping-emeraude-verdon.frSIRET: 98743323200012Legal form: SAS, soci\u00e9t\u00e9 par actions simplifi\u00e9eIntracommunity VAT no.: FR24987433232Publication manager: Marie MARVILLON Realization GEEK TONIC Represented by Mr. Yohan Darmayan in his capacity as Manager Head office: 16 chemin de Sabalce 64100 BayonneTel: [&hellip;]<\/p>\n","protected":false},"author":1,"featured_media":1367,"parent":0,"menu_order":0,"comment_status":"closed","ping_status":"closed","template":"","meta":{"_seopress_robots_primary_cat":"","_seopress_titles_title":"Terms of use","_seopress_titles_desc":"Consult the legal notices of the Camping Saint Lazare website: legal information, responsibilities and RGPD compliance for transparent and secure use.","_seopress_robots_index":"yes","_gt_ctv_global_id":"","_gt_ctv_id_group":false,"inline_featured_image":false,"gt_fse_maillage_image":"https:\/\/camping-emeraude-verdon.fr\/wp-content\/uploads\/2025\/09\/Lac-de-Sainte-Croix-2.jpg","gt_fse_maillage_titre":"Terms of use","gt_fse_maillage_alt":"Var campsite","gt_fse_maillage_resume":"","footnotes":""},"categories":[],"tags":[],"class_list":["post-2442","page","type-page","status-publish","has-post-thumbnail","hentry"],"_links":{"self":[{"href":"https:\/\/camping-emeraude-verdon.fr\/en\/wp-json\/wp\/v2\/pages\/2442","targetHints":{"allow":["GET"]}}],"collection":[{"href":"https:\/\/camping-emeraude-verdon.fr\/en\/wp-json\/wp\/v2\/pages"}],"about":[{"href":"https:\/\/camping-emeraude-verdon.fr\/en\/wp-json\/wp\/v2\/types\/page"}],"author":[{"embeddable":true,"href":"https:\/\/camping-emeraude-verdon.fr\/en\/wp-json\/wp\/v2\/users\/1"}],"replies":[{"embeddable":true,"href":"https:\/\/camping-emeraude-verdon.fr\/en\/wp-json\/wp\/v2\/comments?post=2442"}],"version-history":[{"count":8,"href":"https:\/\/camping-emeraude-verdon.fr\/en\/wp-json\/wp\/v2\/pages\/2442\/revisions"}],"predecessor-version":[{"id":3282,"href":"https:\/\/camping-emeraude-verdon.fr\/en\/wp-json\/wp\/v2\/pages\/2442\/revisions\/3282"}],"wp:featuredmedia":[{"embeddable":true,"href":"https:\/\/camping-emeraude-verdon.fr\/en\/wp-json\/wp\/v2\/media\/1367"}],"wp:attachment":[{"href":"https:\/\/camping-emeraude-verdon.fr\/en\/wp-json\/wp\/v2\/media?parent=2442"}],"wp:term":[{"taxonomy":"category","embeddable":true,"href":"https:\/\/camping-emeraude-verdon.fr\/en\/wp-json\/wp\/v2\/categories?post=2442"},{"taxonomy":"post_tag","embeddable":true,"href":"https:\/\/camping-emeraude-verdon.fr\/en\/wp-json\/wp\/v2\/tags?post=2442"}],"curies":[{"name":"wp","href":"https:\/\/api.w.org\/{rel}","templated":true}]}}